{"id":4395,"date":"2021-01-20T14:47:47","date_gmt":"2021-01-20T14:47:47","guid":{"rendered":"https:\/\/pannontools.hu\/en\/?page_id=4395"},"modified":"2021-04-16T08:50:38","modified_gmt":"2021-04-16T08:50:38","slug":"gdpr-privacy-policy","status":"publish","type":"page","link":"https:\/\/pannontools.hu\/en\/gdpr-privacy-policy\/","title":{"rendered":"GDPR privacy policy"},"content":{"rendered":"<p>[vc_row][vc_column][vc_column_text]<a href=\"https:\/\/pannontools.hu\/en\/wp-content\/uploads\/2021\/01\/AT-ugyfeltajekoztatas.pdf\" target=\"_blank\" rel=\"noopener noreferrer\">Adatv\u00e9delmi t\u00e1j\u00e9koztat\u00f3 &#8211; \u00dcgyf\u00e9lt\u00e1j\u00e9koztat\u00e1s<\/a><\/p>\n<p><a href=\"https:\/\/pannontools.hu\/en\/wp-content\/uploads\/2021\/01\/AT-munkaero-toborzas-allashirdetes.pdf\" target=\"_blank\" rel=\"noopener noreferrer\">Adatv\u00e9delmi t\u00e1j\u00e9koztat\u00f3 &#8211; Munkaer\u0151 toborz\u00e1s, \u00e1ll\u00e1shirdet\u00e9s<\/a>[\/vc_column_text][\/vc_column][\/vc_row]<\/p>\n","protected":false},"excerpt":{"rendered":"<p>[vc_row][vc_column][vc_column_text]Adatv\u00e9delmi t\u00e1j\u00e9koztat\u00f3 &#8211; \u00dcgyf\u00e9lt\u00e1j\u00e9koztat\u00e1s Adatv\u00e9delmi t\u00e1j\u00e9koztat\u00f3 &#8211; Munkaer\u0151 toborz\u00e1s, \u00e1ll\u00e1shirdet\u00e9s[\/vc_column_text][\/vc_column][\/vc_row]<\/p>\n","protected":false},"author":1,"featured_media":0,"parent":0,"menu_order":0,"comment_status":"closed","ping_status":"closed","template":"","meta":{"ngg_post_thumbnail":0},"_links":{"self":[{"href":"https:\/\/pannontools.hu\/en\/wp-json\/wp\/v2\/pages\/4395"}],"collection":[{"href":"https:\/\/pannontools.hu\/en\/wp-json\/wp\/v2\/pages"}],"about":[{"href":"https:\/\/pannontools.hu\/en\/wp-json\/wp\/v2\/types\/page"}],"author":[{"embeddable":true,"href":"https:\/\/pannontools.hu\/en\/wp-json\/wp\/v2\/users\/1"}],"replies":[{"embeddable":true,"href":"https:\/\/pannontools.hu\/en\/wp-json\/wp\/v2\/comments?post=4395"}],"version-history":[{"count":2,"href":"https:\/\/pannontools.hu\/en\/wp-json\/wp\/v2\/pages\/4395\/revisions"}],"predecessor-version":[{"id":4494,"href":"https:\/\/pannontools.hu\/en\/wp-json\/wp\/v2\/pages\/4395\/revisions\/4494"}],"wp:attachment":[{"href":"https:\/\/pannontools.hu\/en\/wp-json\/wp\/v2\/media?parent=4395"}],"curies":[{"name":"wp","href":"https:\/\/api.w.org\/{rel}","templated":true}]}}