{"id":4208,"date":"2020-11-23T21:09:42","date_gmt":"2020-11-23T21:09:42","guid":{"rendered":"https:\/\/pannontools.hu\/en\/?page_id=4208"},"modified":"2021-04-15T18:43:23","modified_gmt":"2021-04-15T18:43:23","slug":"completion-of-the-project-development-and-production-of-standard-drop-ceiling-led-downlights-product-range","status":"publish","type":"page","link":"https:\/\/pannontools.hu\/en\/completion-of-the-project-development-and-production-of-standard-drop-ceiling-led-downlights-product-range\/","title":{"rendered":"Completion of the project \u201cDevelopment and production of standard drop ceiling LED downlights product range\u201d"},"content":{"rendered":"<p>[vc_row][vc_column width=&#8221;1\/2&#8243;][vc_single_image image=&#8221;3996&#8243; img_size=&#8221;341&#215;96&#8243;][\/vc_column][vc_column width=&#8221;1\/2&#8243;][vc_single_image image=&#8221;4209&#8243; img_size=&#8221;full&#8221; alignment=&#8221;right&#8221;][\/vc_column][\/vc_row][vc_row][vc_column][vc_column_text]<strong>Non-refundable EU support of HUF 44.72 million has been awarded to PANNON TOOLS Szersz\u00e1mgy\u00e1rt\u00f3 Kereskedelmi \u00e9s Szolg\u00e1ltat\u00f3 Kft. from the funding provided by the European Union and the Hungarian State. The project was implemented within the framework of the tender \u201cSupport for Complex Technological Innovation of Companies\u201d. The total cost of the project was HUF 129.428 million.<\/strong><\/p>\n<p>Pannon Tools Kft. is a Hungarian owned company founded in 1993 of which main business is tool design and production. In addition to the development of tool production, the main objective of the company is to research and test new possibilities and expand its scope of activities.<\/p>\n<p>The company strives to continuously improve its competitiveness and adaptability, of which primary goal is improving efficiency in addition to reducing cost levels and increasing production volume. In addition to adapting to market needs, the company seeks to serve the customers\u2019 needs at the highest possible level, for which purpose it has implemented its technological innovation. With the help of the project, the company expanded its scope of activities by introducing a new product range, thus aiming to reach new market segments. With the help of the project, the company can take a significant step to further increase its competitiveness.<\/p>\n<p>The development project was based partly on the know-how already purchased from Lumino-Tech Kft., and partly on the company&#8217;s existing assets and applied technologies. The objective of the project was to develop an advanced, innovative, world-leading downlight luminaries with LED light source which meet the needs of interior design and lighting market.<\/p>\n<p>The subject of the project was the technical-engineering development of a standard drop ceiling LED downlights product range as well as preparation of production tools needed for manufacturing and 0-series trial production. The implementation of the development was carried out in line with the original objectives, the company produced a prototype, which was presented together with its sales partner (Lumino-Tech Kft.) at a Middle East exhibition.<\/p>\n<p>As a result of completion of the project, the company was able to strengthen its competitiveness and adaptability, as well as expand its scope of activities.[\/vc_column_text][\/vc_column][\/vc_row]<\/p>\n","protected":false},"excerpt":{"rendered":"<p>[vc_row][vc_column width=&#8221;1\/2&#8243;][vc_single_image image=&#8221;3996&#8243; img_size=&#8221;341&#215;96&#8243;][\/vc_column][vc_column width=&#8221;1\/2&#8243;][vc_single_image image=&#8221;4209&#8243; img_size=&#8221;full&#8221; alignment=&#8221;right&#8221;][\/vc_column][\/vc_row][vc_row][vc_column][vc_column_text]Non-refundable EU support of HUF 44.72 million has been awarded to PANNON TOOLS Szersz\u00e1mgy\u00e1rt\u00f3 Kereskedelmi \u00e9s Szolg\u00e1ltat\u00f3 Kft. from the funding provided by&#8230;<\/p>\n","protected":false},"author":1,"featured_media":0,"parent":0,"menu_order":0,"comment_status":"closed","ping_status":"closed","template":"","meta":{"ngg_post_thumbnail":0},"_links":{"self":[{"href":"https:\/\/pannontools.hu\/en\/wp-json\/wp\/v2\/pages\/4208"}],"collection":[{"href":"https:\/\/pannontools.hu\/en\/wp-json\/wp\/v2\/pages"}],"about":[{"href":"https:\/\/pannontools.hu\/en\/wp-json\/wp\/v2\/types\/page"}],"author":[{"embeddable":true,"href":"https:\/\/pannontools.hu\/en\/wp-json\/wp\/v2\/users\/1"}],"replies":[{"embeddable":true,"href":"https:\/\/pannontools.hu\/en\/wp-json\/wp\/v2\/comments?post=4208"}],"version-history":[{"count":4,"href":"https:\/\/pannontools.hu\/en\/wp-json\/wp\/v2\/pages\/4208\/revisions"}],"predecessor-version":[{"id":4479,"href":"https:\/\/pannontools.hu\/en\/wp-json\/wp\/v2\/pages\/4208\/revisions\/4479"}],"wp:attachment":[{"href":"https:\/\/pannontools.hu\/en\/wp-json\/wp\/v2\/media?parent=4208"}],"curies":[{"name":"wp","href":"https:\/\/api.w.org\/{rel}","templated":true}]}}