{"id":4203,"date":"2020-11-23T21:06:01","date_gmt":"2020-11-23T21:06:01","guid":{"rendered":"https:\/\/pannontools.hu\/en\/?page_id=4203"},"modified":"2021-04-15T18:45:26","modified_gmt":"2021-04-15T18:45:26","slug":"innovation-investment-at-pannon-tools-kft","status":"publish","type":"page","link":"https:\/\/pannontools.hu\/en\/innovation-investment-at-pannon-tools-kft\/","title":{"rendered":"Innovation investment at Pannon Tools Kft"},"content":{"rendered":"<p>[vc_row][vc_column width=&#8221;1\/2&#8243;][vc_single_image image=&#8221;3996&#8243; img_size=&#8221;341&#215;96&#8243;][\/vc_column][vc_column width=&#8221;1\/2&#8243;][vc_single_image image=&#8221;4204&#8243; img_size=&#8221;full&#8221; alignment=&#8221;right&#8221;][\/vc_column][\/vc_row][vc_row][vc_column][vc_column_text]<strong>Pannon Tools Szersz\u00e1mgy\u00e1rt\u00f3 Kereskedelmi \u00e9s Szolg\u00e1ltat\u00f3 Kft. successfully applied for a tender in a subject of support of utilization of innovation results for SMEs announced in the framework of New Sz\u00e9chenyi Plan. For its project with a total budget of HUF 43.5 million, it received a non-refundable grant of HUF 19.433 million.<\/strong><\/p>\n<p>Our Company is a Hungarian owned company founded in 1993. The main activity of the company was initially the production of tools, then due to the market demand, we further developed our production technology and we also manufacture sheet metal parts.<\/p>\n<p>Within the framework of the project, our company submitted its application for the purpose of supporting the utilization of innovation results and technological investment. During the completion of the project a spot welding machine with an ABB 6-axis robot (Suzuki 3- and 5-door seat assembly and CO welder robot).<br \/>\nWith this equipment, we have developed a new technology that makes servicing of automotive customers economical.<\/p>\n<p>The application of this technology is much cheaper than the multi-step workflow process used so far. In addition to cost savings, it is also environmentally beneficial.<br \/>\nThe purchased Suzuki 3- and 5-door seat assembly and CO welding robot do not require manual intervention, it performs the pre-programmed tasks automatically.<\/p>\n<p>The company has the appropriate professional and organizational background to operate the equipment procured during the development and to maintain the results created directly and indirectly. Thanks to the quality and precise workmanship as well as the state-of-the-art machine, the order volume is expected to increase. Our company implemented the development at its site in Gy\u0151r, which promotes to maintain the current workforce.<\/p>\n<p>The equipment procured during the implementation of the project will be utilized immediately, so it will be integrated into the day-to-day operations of the company immediately after commissioning.<\/p>\n<p>The machine purchased in frame of the project embodies quality technology and meet the strict safety standards set by the European Union in all respects.<\/p>\n<p>The purchased machine will help the company to become a significant player in the market, thus increasing the modernization of our sales.<br \/>\nThe implementation of the project has helped our company to improve its competitiveness and increase its revenues.[\/vc_column_text][\/vc_column][\/vc_row][vc_row][vc_column width=&#8221;1\/2&#8243;][vc_column_text]<strong>Pannon Tools Kft.<\/strong><br \/>\nAddress: 9027 Gy\u0151r, Ipari park, T\u00f3 u.4.<br \/>\nContact person: Lajos T\u00f3th<br \/>\nTelephone: +36-96-504-912<br \/>\nWebsite: <a href=\"https:\/\/www.pannontools.hu\/en\/\">www.pannontools.hu\/en\/<\/a><br \/>\n<a href=\"https:\/\/www.ujszechenyiterv.gov.hu\" target=\"_blank\" rel=\"noopener\">www.ujszechenyiterv.gov.hu<\/a>[\/vc_column_text][\/vc_column][vc_column width=&#8221;1\/2&#8243;][vc_single_image image=&#8221;4205&#8243; img_size=&#8221;full&#8221; alignment=&#8221;right&#8221;][\/vc_column][\/vc_row]<\/p>\n","protected":false},"excerpt":{"rendered":"<p>[vc_row][vc_column width=&#8221;1\/2&#8243;][vc_single_image image=&#8221;3996&#8243; img_size=&#8221;341&#215;96&#8243;][\/vc_column][vc_column width=&#8221;1\/2&#8243;][vc_single_image image=&#8221;4204&#8243; img_size=&#8221;full&#8221; alignment=&#8221;right&#8221;][\/vc_column][\/vc_row][vc_row][vc_column][vc_column_text]Pannon Tools Szersz\u00e1mgy\u00e1rt\u00f3 Kereskedelmi \u00e9s Szolg\u00e1ltat\u00f3 Kft. successfully applied for a tender in a subject of support of utilization of innovation results for&#8230;<\/p>\n","protected":false},"author":1,"featured_media":0,"parent":0,"menu_order":0,"comment_status":"closed","ping_status":"closed","template":"","meta":{"ngg_post_thumbnail":0},"_links":{"self":[{"href":"https:\/\/pannontools.hu\/en\/wp-json\/wp\/v2\/pages\/4203"}],"collection":[{"href":"https:\/\/pannontools.hu\/en\/wp-json\/wp\/v2\/pages"}],"about":[{"href":"https:\/\/pannontools.hu\/en\/wp-json\/wp\/v2\/types\/page"}],"author":[{"embeddable":true,"href":"https:\/\/pannontools.hu\/en\/wp-json\/wp\/v2\/users\/1"}],"replies":[{"embeddable":true,"href":"https:\/\/pannontools.hu\/en\/wp-json\/wp\/v2\/comments?post=4203"}],"version-history":[{"count":4,"href":"https:\/\/pannontools.hu\/en\/wp-json\/wp\/v2\/pages\/4203\/revisions"}],"predecessor-version":[{"id":4481,"href":"https:\/\/pannontools.hu\/en\/wp-json\/wp\/v2\/pages\/4203\/revisions\/4481"}],"wp:attachment":[{"href":"https:\/\/pannontools.hu\/en\/wp-json\/wp\/v2\/media?parent=4203"}],"curies":[{"name":"wp","href":"https:\/\/api.w.org\/{rel}","templated":true}]}}