{"id":4144,"date":"2020-11-23T14:48:34","date_gmt":"2020-11-23T14:48:34","guid":{"rendered":"https:\/\/pannontools.hu\/de\/?page_id=4144"},"modified":"2021-05-06T23:43:15","modified_gmt":"2021-05-06T23:43:15","slug":"geforderte-projekte","status":"publish","type":"page","link":"https:\/\/pannontools.hu\/de\/geforderte-projekte\/","title":{"rendered":"Gef\u00f6rderte Projekte"},"content":{"rendered":"<p>[vc_row][vc_column][vc_column_text]<\/p>\n<div class=\"greybox\">\n<div class=\"greybox\">\n<div><a href=\"https:\/\/pannontools.hu\/de\/technologia-fejlesztes-a-pannon-tools-kft-nel\/\"><b>Technol\u00f3gia fejleszt\u00e9s a Pannon Tools Kft.-n\u00e9l.<\/b><\/a><\/div>\n<div><a href=\"https:\/\/pannontools.hu\/de\/led-fenyforras-modulra-epulo-szabvanyosan-beepitheto-almennyezeti-melysugarzo-lampatest-termekcsalad-fejlesztese-es-gyartasa-cimu-projekt-befejezese\/\"><b>&#8220;LED f\u00e9nyforr\u00e1s modulra \u00e9p\u00fcl\u0151, szabv\u00e1nyosan be\u00e9p\u00edthet\u0151 \u00e1lmennyezeti m\u00e9lysug\u00e1rz\u00f3 l\u00e1mpatest term\u00e9kcsal\u00e1d fejleszt\u00e9se \u00e9s gy\u00e1rt\u00e1sa&#8221; c\u00edm\u0171 projekt befejez\u00e9se<\/b><\/a><\/div>\n<div><a href=\"https:\/\/pannontools.hu\/de\/innovacios-beruhazas-a-pannon-tools-kft-nel\/\"><b>Innov\u00e1ci\u00f3s beruh\u00e1z\u00e1s a Pannon Tools Kft.-n\u00e9l<\/b><\/a><\/div>\n<div><a href=\"https:\/\/pannontools.hu\/de\/technologiai-fejlesztes-a-pannon-tools-kft-nel\/\"><b>Technol\u00f3giai fejleszt\u00e9s a Pannon Tools Kft.-n\u00e9l<\/b><\/a><\/div>\n<div><a href=\"https:\/\/pannontools.hu\/de\/eszkozbeszerzes-gyartasi-technologia-automatizalasahoz\/\"><b>Eszk\u00f6zbeszerz\u00e9s gy\u00e1rt\u00e1si technol\u00f3gia automatiz\u00e1l\u00e1s\u00e1hoz<\/b><\/a><\/div>\n<div><a href=\"https:\/\/pannontools.hu\/de\/beszallitoi-tevekenyseg-fejlesztesehez-szukseges-alkatreszgyartasi-kapacitasok-fejlesztese\/\"><b>Besz\u00e1ll\u00edt\u00f3i tev\u00e9kenys\u00e9g fejleszt\u00e9s\u00e9hez sz\u00fcks\u00e9ges alkatr\u00e9szgy\u00e1rt\u00e1si kapacit\u00e1sok fejleszt\u00e9se<\/b><\/a><\/div>\n<div><a href=\"https:\/\/pannontools.hu\/de\/iso-14001-kornyezetiranyitasi-rendszer-bevezetese-es-tanusittatasa\/\"><b>ISO 14001 k\u00f6rnyezetir\u00e1ny\u00edt\u00e1si rendszer bevezet\u00e9se \u00e9s tan\u00fas\u00edttat\u00e1sa<\/b><\/a><\/div>\n<div><a href=\"https:\/\/pannontools.hu\/de\/elektromos-targonca-es-elektroerozios-startlyukfurogep-beszerzese\/\"><b>Elektromos targonca \u00e9s elektroer\u00f3zi\u00f3s startlyukf\u00far\u00f3g\u00e9p beszerz\u00e9se<\/b><\/a><\/div>\n<\/div>\n<\/div>\n<p>[\/vc_column_text][\/vc_column][\/vc_row]<\/p>\n","protected":false},"excerpt":{"rendered":"<p>[vc_row][vc_column][vc_column_text] Technol\u00f3gia fejleszt\u00e9s a Pannon Tools Kft.-n\u00e9l. &#8220;LED f\u00e9nyforr\u00e1s modulra \u00e9p\u00fcl\u0151, szabv\u00e1nyosan be\u00e9p\u00edthet\u0151 \u00e1lmennyezeti m\u00e9lysug\u00e1rz\u00f3 l\u00e1mpatest term\u00e9kcsal\u00e1d fejleszt\u00e9se \u00e9s gy\u00e1rt\u00e1sa&#8221; c\u00edm\u0171 projekt befejez\u00e9se Innov\u00e1ci\u00f3s beruh\u00e1z\u00e1s a Pannon Tools Kft.-n\u00e9l Technol\u00f3giai&#8230;<\/p>\n","protected":false},"author":1,"featured_media":0,"parent":0,"menu_order":0,"comment_status":"closed","ping_status":"closed","template":"","meta":{"ngg_post_thumbnail":0},"_links":{"self":[{"href":"https:\/\/pannontools.hu\/de\/wp-json\/wp\/v2\/pages\/4144"}],"collection":[{"href":"https:\/\/pannontools.hu\/de\/wp-json\/wp\/v2\/pages"}],"about":[{"href":"https:\/\/pannontools.hu\/de\/wp-json\/wp\/v2\/types\/page"}],"author":[{"embeddable":true,"href":"https:\/\/pannontools.hu\/de\/wp-json\/wp\/v2\/users\/1"}],"replies":[{"embeddable":true,"href":"https:\/\/pannontools.hu\/de\/wp-json\/wp\/v2\/comments?post=4144"}],"version-history":[{"count":4,"href":"https:\/\/pannontools.hu\/de\/wp-json\/wp\/v2\/pages\/4144\/revisions"}],"predecessor-version":[{"id":4483,"href":"https:\/\/pannontools.hu\/de\/wp-json\/wp\/v2\/pages\/4144\/revisions\/4483"}],"wp:attachment":[{"href":"https:\/\/pannontools.hu\/de\/wp-json\/wp\/v2\/media?parent=4144"}],"curies":[{"name":"wp","href":"https:\/\/api.w.org\/{rel}","templated":true}]}}