{"id":4139,"date":"2020-11-23T14:47:46","date_gmt":"2020-11-23T14:47:46","guid":{"rendered":"https:\/\/pannontools.hu\/de\/?page_id=4139"},"modified":"2021-05-06T23:42:30","modified_gmt":"2021-05-06T23:42:30","slug":"firmengeschichte","status":"publish","type":"page","link":"https:\/\/pannontools.hu\/de\/firmengeschichte\/","title":{"rendered":"Firmengeschichte"},"content":{"rendered":"<p>[vc_row][vc_column][vc_column_text]<strong>1964<\/strong> &#8211; Der Firmengr\u00fcnder &#8211; Lajos T\u00f3th &#8211; beginnt als Werkzeugmacher in der Werkzeugproduktion der Ungarischen Waggon- und Maschinenfabrik zu arbeiten, und ab 1968 setzt er seine Arbeit im Werkzeugwerk von GY\u00c1\u00c9V fort.<\/p>\n<p><strong>1971 bis 1979<\/strong> &#8211; Der Gr\u00fcnder arbeitet im Werkzeugbau der Metallwerke ELZETT und erwirbt den Meistertitel im Werkzeugbau.<\/p>\n<p><strong>1979 bis 1993<\/strong> &#8211; Lajos T\u00f3th arbeitet als selbstst\u00e4ndiger Werkzeugmacher.<\/p>\n<p><strong>1993<\/strong> &#8211; Das Unternehmen entwickelt sich weiter, Sat-Metal kft. wird als Gesellschaft mit beschr\u00e4nkter Haftung gegr\u00fcndet, die sich mit Werkzeugbau und Pressen besch\u00e4ftigt.<\/p>\n<p><strong>2000<\/strong> \u2013 Ein modernes Design und ein neues Logo werden eingef\u00fchrt. Die Dreiecke im Logo symbolisieren Stabilit\u00e4t und dass das Unternehmen auf mehreren Beinen steht. Die Firma \u00e4ndert ihren Namen, und hei\u00dft Pannon Tools Kft. Das Wort Pannon im Firmennamen ist vom altr\u00f6mischen Namen unserer Region &#8211; Pannonia &#8211; abgeleitet, das englische Wort Tools bedeutet Werkzeug, Instrument. Unser Ziel bei der Umbenennung war, dass unsere ausl\u00e4ndischen Kunden schon vom Namen her wissen, was wir machen.[\/vc_column_text][vc_single_image image=&#8221;3996&#8243; img_size=&#8221;medium&#8221;][vc_column_text]<strong>2000-2001<\/strong> &#8211; Das Qualit\u00e4tsmanagementsystem ISO 9001:2000 wird eingef\u00fchrt und umgesetzt.<\/p>\n<p><strong>August 2001.<\/strong> \u2013 Die erste Zertifizerung. Nach erfolgreichem Audit des Qualit\u00e4tsmanagementsystems nach Standard ISO 9001:2000 erhalten wir die Zertifikate vom T\u00dcV Rheinland f\u00fcr die Konstruktion und Herstellung von Kalt- und Warmumformungs-, und Kunststoffspritzgusswerkzeugen, sowie f\u00fcr die Produktion und Montage von Komponenten.<\/p>\n<p><strong>Juli 2002<\/strong> &#8211; Die ersten Teile wurden an ALPINE geliefert. Aufgrund unseres fr\u00fcheren erfolgreichen Kundenaudits, unserer Aktivit\u00e4ten und Referenzen sind wir Metallteilen-Lieferant von ALPINE geworden.[\/vc_column_text][vc_single_image image=&#8221;4018&#8243; img_size=&#8221;medium&#8221;][vc_column_text]<strong>2005<\/strong> &#8211; Die Produktion von Blechteilen und Pressteilen wird zum Hauptgesch\u00e4ft. Im Gewerbepark von Gy\u0151r (Gy\u0151ri Ipari Park) haben wir eine neue Produktionshalle mit einer Fl\u00e4che von 3300 m2 gebaut, auf 1\/3 davon haben wir ein neues Presswerk auf einer Fl\u00e4che von 1100 m2 errichtet. Dar\u00fcber hinaus haben wir im Werk neue leistungsstarke 315- und 250-Tonnen-Exzenterpressenlinien installiert. In der Produktionshalle wurde ein Schwei\u00dfbereich errichtet. Das Umweltmanagemensystem nach ISO 14001: 2004 wird eingef\u00fchrt.[\/vc_column_text][vc_single_image image=&#8221;4114&#8243; img_size=&#8221;medium&#8221;][vc_column_text]<strong>2006<\/strong> \u2013 Das Umweltmanagementsystem nach ISO 14001: 2004, wurde eingef\u00fchrt, das im Juli 2006 erfolgreich von AIB-VINCOTTE zertifiziert wurde.<\/p>\n<p><strong>2007<\/strong> \u2013 Die Erweiterung der Teilefertigung wurde bald notwendig, so dass wir 2007 eine weitere 2.000 m2 gro\u00dfe Produktionshalle mit Br\u00fcckenkr\u00e4nen gebaut haben, in der neben der Erweiterung des Sozialbereichs auch ein 500 m2 gro\u00dfes Lager errichtet wurde.<br \/>\nIn dieser neuen Halle haben wir zus\u00e4tzliche Pressen mit gro\u00dfen Tischen und einer Kapazit\u00e4t von 250 bis 400 Tonnen installiert, und wir haben auch Pressen aus unserem fr\u00fcheren Werk in der Stra\u00dfe Rept\u00e9ri \u00fat umgesiedelt. So konzentrierten wir unsere Teilebaukapazit\u00e4ten auf einen Standort.<\/p>\n<p><strong>Juli 2007<\/strong> &#8211; Die ersten Teile wurden an SUZUKI geliefert. Seit einigen Jahren fertigen wir indirekt Suzuki-Autoteile, und aufgrund unserer Erfahrung, unserer Entwicklungen und erfolgreicher Kundenaudits beliefern wir SUZUKI auch unmittelbar.[\/vc_column_text][\/vc_column][\/vc_row]<\/p>\n","protected":false},"excerpt":{"rendered":"<p>[vc_row][vc_column][vc_column_text]1964 &#8211; Der Firmengr\u00fcnder &#8211; Lajos T\u00f3th &#8211; beginnt als Werkzeugmacher in der Werkzeugproduktion der Ungarischen Waggon- und Maschinenfabrik zu arbeiten, und ab 1968 setzt er seine Arbeit im Werkzeugwerk&#8230;<\/p>\n","protected":false},"author":1,"featured_media":0,"parent":0,"menu_order":0,"comment_status":"closed","ping_status":"closed","template":"","meta":{"ngg_post_thumbnail":0},"_links":{"self":[{"href":"https:\/\/pannontools.hu\/de\/wp-json\/wp\/v2\/pages\/4139"}],"collection":[{"href":"https:\/\/pannontools.hu\/de\/wp-json\/wp\/v2\/pages"}],"about":[{"href":"https:\/\/pannontools.hu\/de\/wp-json\/wp\/v2\/types\/page"}],"author":[{"embeddable":true,"href":"https:\/\/pannontools.hu\/de\/wp-json\/wp\/v2\/users\/1"}],"replies":[{"embeddable":true,"href":"https:\/\/pannontools.hu\/de\/wp-json\/wp\/v2\/comments?post=4139"}],"version-history":[{"count":8,"href":"https:\/\/pannontools.hu\/de\/wp-json\/wp\/v2\/pages\/4139\/revisions"}],"predecessor-version":[{"id":4482,"href":"https:\/\/pannontools.hu\/de\/wp-json\/wp\/v2\/pages\/4139\/revisions\/4482"}],"wp:attachment":[{"href":"https:\/\/pannontools.hu\/de\/wp-json\/wp\/v2\/media?parent=4139"}],"curies":[{"name":"wp","href":"https:\/\/api.w.org\/{rel}","templated":true}]}}