{"id":4110,"date":"2020-11-23T14:20:53","date_gmt":"2020-11-23T14:20:53","guid":{"rendered":"https:\/\/pannontools.hu\/de\/?page_id=4110"},"modified":"2021-05-06T23:38:58","modified_gmt":"2021-05-06T23:38:58","slug":"das-unternehmen-stellt-sich-vor","status":"publish","type":"page","link":"https:\/\/pannontools.hu\/de\/das-unternehmen-stellt-sich-vor\/","title":{"rendered":"Das Unternehmen stellt sich vor"},"content":{"rendered":"<p>[vc_row][vc_column width=&#8221;1\/2&#8243;][vc_column_text]<strong>Pannon Tools Kft<\/strong>. wurde 1993 gegr\u00fcndet, sie ist eine Wirtschaftsgesellschaft in ungarischem Besitz.<br \/>\nUnsere Hauptt\u00e4tigkeit war anfangs der Werkzeugbau, aber wir hatten von Anfang an auch ein paar Exzenterpressen, um die von uns gefertigten Kaltumformwerkzeuge vor Ort zu testen. Das erweiterte unsere M\u00f6glichkeiten, so dass wir nicht nur die Formen herstellen, sondern auch Blechteile mit Hilfe von Kaltumformungswerkzeugen fertigen konnten. Dies entspricht unserer Gesch\u00e4ftsphilosophie, dass ein Unternehmen auf mehreren Bein stehen sollte. Dar\u00fcber hinaus erg\u00e4nzen sich diese T\u00e4tigkeiten, denn ein Presswerk braucht einen Werkzeugfertigungshintergrund, in dem regelm\u00e4\u00dfige Werkzeugwartungen und Reparaturen durchgef\u00fchrt werden k\u00f6nnen.<\/p>\n<p>Unser <strong>Werkzeugbau<\/strong> kann alle m\u00f6glichen Werkzeugausf\u00fchrungen fertigen:<\/p>\n<ul>\n<li>Kaltumformwerkzeuge, (Schneid-, Stanz-, Biege-, etc. Werkzeuge, Serien- und Folgeverbundwerkzeuge)<\/li>\n<li>Warmumformwerkzeuge, (Senk- und Schmiedewerkzeuge)<\/li>\n<li>Kunststoff-Spritzguss-, Blasformwerkzeuge<\/li>\n<li>Aluminium-Druckguss-Werkzeuge<\/li>\n<\/ul>\n<p>Als Ergebnis unserer dynamischen Entwicklung und Verbesserungen wurde<strong> die Produktion von Blechteilen und die Presst\u00e4tigkeit<\/strong> bis 2005 zu unserem Hauptgesch\u00e4ft.[\/vc_column_text][\/vc_column][vc_column width=&#8221;1\/2&#8243;][vc_single_image image=&#8221;4113&#8243; img_size=&#8221;full&#8221;][vc_single_image image=&#8221;4419&#8243; img_size=&#8221;full&#8221;][\/vc_column][\/vc_row][vc_row][vc_column width=&#8221;1\/2&#8243;][vc_column_text]Aufgrund der wachsenden Auftragslage und um die Bed\u00fcrfnisse unserer Kunden noch besser bedienen zu k\u00f6nnen, haben wir im Jahr 2005 im Gewerbepark von Gy\u0151r (Gy\u0151ri Ipari Park) eine neue Produktionshalle mit einer Fl\u00e4che von 3300 m2 gebaut, auf 1\/3 davon haben wir ein neues Presswerk auf einer Fl\u00e4che von 1100 m2 errichtet. Dar\u00fcber hinaus haben wir im Werk neue leistungsstarke 315- und 250-Tonnen-Exzenterpressenlinien installiert. In der Produktionshalle haben wir auch einen Schwei\u00dfbereich mit f\u00fcnf Punkt-\/Lichtbogenschwei\u00dfmaschinen.<\/p>\n<p>Die Erweiterung der Teilefertigung wurde bald notwendig, so dass wir 2007 eine weitere 2.000 m2 gro\u00dfe Produktionshalle mit Br\u00fcckenkr\u00e4nen gebaut haben, in der neben der Erweiterung des Sozialbereichs auch ein 500 m2 gro\u00dfes Lager errichtet wurde. In dieser neuen Halle haben wir zus\u00e4tzliche Pressen mit gro\u00dfen Tischen und einer Kapazit\u00e4t von 250 bis 450 Tonnen installiert, und wir haben auch Pressen aus unserem fr\u00fcheren Werk in der Stra\u00dfe Rept\u00e9ri \u00fat umgesiedelt. So konzentrierten wir unsere Teilebaukapazit\u00e4ten auf einen Standort.<\/p>\n<p>Um unsere Kunden an uns zu binden, ihre Zufriedenheit zu gewinnen und unseren Kundenstamm zu verbreitern sowie die Qualit\u00e4t unserer Aktivit\u00e4ten zu verbessern, haben wir im Jahr 2001 das Qualit\u00e4tsmanagementsystem nach <strong>ISO 9001:2000<\/strong> eingef\u00fchrt, seitdem betrieben wir es.<\/p>\n<p>Wir haben ein Umweltmanagementsystem nach<strong> ISO 14001: 2004<\/strong> eingef\u00fchrt, das im Juli 2006 erfolgreich zertifiziert wurde.<br \/>\nWir streben danach, alle Kundenw\u00fcnsche zu erf\u00fcllen. Wir hoffen, Sie bald unter unseren Kunden begr\u00fc\u00dfen zu d\u00fcrfen.[\/vc_column_text][\/vc_column][vc_column width=&#8221;1\/2&#8243;][vc_single_image image=&#8221;4114&#8243; img_size=&#8221;full&#8221;][vc_row_inner][vc_column_inner width=&#8221;1\/2&#8243;][vc_single_image image=&#8221;4111&#8243; img_size=&#8221;full&#8221; alignment=&#8221;center&#8221; el_class=&#8221;grayscale&#8221;][vc_column_text]<\/p>\n<p style=\"text-align: center;\"><b>Lajos <\/b><b>T\u00f3th&nbsp;<\/b><br \/>\n<span style=\"font-weight: 400;\">Gr\u00fcnder<\/span><\/p>\n<p>[\/vc_column_text][\/vc_column_inner][vc_column_inner width=&#8221;1\/2&#8243;][vc_single_image image=&#8221;4417&#8243; img_size=&#8221;full&#8221; alignment=&#8221;center&#8221;][vc_column_text]<\/p>\n<p style=\"text-align: center;\"><b>T\u00fcnde <\/b><b>T\u00f3th&nbsp;<\/b><br \/>\nGesch\u00e4ftsf\u00fchrerin, Besitzerin<\/p>\n<p>[\/vc_column_text][\/vc_column_inner][\/vc_row_inner][\/vc_column][\/vc_row]<\/p>\n","protected":false},"excerpt":{"rendered":"<p>[vc_row][vc_column width=&#8221;1\/2&#8243;][vc_column_text]Pannon Tools Kft. wurde 1993 gegr\u00fcndet, sie ist eine Wirtschaftsgesellschaft in ungarischem Besitz. Unsere Hauptt\u00e4tigkeit war anfangs der Werkzeugbau, aber wir hatten von Anfang an auch ein paar Exzenterpressen,&#8230;<\/p>\n","protected":false},"author":1,"featured_media":0,"parent":0,"menu_order":0,"comment_status":"closed","ping_status":"closed","template":"","meta":{"ngg_post_thumbnail":0},"_links":{"self":[{"href":"https:\/\/pannontools.hu\/de\/wp-json\/wp\/v2\/pages\/4110"}],"collection":[{"href":"https:\/\/pannontools.hu\/de\/wp-json\/wp\/v2\/pages"}],"about":[{"href":"https:\/\/pannontools.hu\/de\/wp-json\/wp\/v2\/types\/page"}],"author":[{"embeddable":true,"href":"https:\/\/pannontools.hu\/de\/wp-json\/wp\/v2\/users\/1"}],"replies":[{"embeddable":true,"href":"https:\/\/pannontools.hu\/de\/wp-json\/wp\/v2\/comments?post=4110"}],"version-history":[{"count":14,"href":"https:\/\/pannontools.hu\/de\/wp-json\/wp\/v2\/pages\/4110\/revisions"}],"predecessor-version":[{"id":4481,"href":"https:\/\/pannontools.hu\/de\/wp-json\/wp\/v2\/pages\/4110\/revisions\/4481"}],"wp:attachment":[{"href":"https:\/\/pannontools.hu\/de\/wp-json\/wp\/v2\/media?parent=4110"}],"curies":[{"name":"wp","href":"https:\/\/api.w.org\/{rel}","templated":true}]}}