{"id":4095,"date":"2020-11-23T14:14:08","date_gmt":"2020-11-23T14:14:08","guid":{"rendered":"https:\/\/pannontools.hu\/de\/?page_id=4095"},"modified":"2021-05-06T23:50:10","modified_gmt":"2021-05-06T23:50:10","slug":"herstellung-von-gepressten-blechteilen","status":"publish","type":"page","link":"https:\/\/pannontools.hu\/de\/herstellung-von-gepressten-blechteilen\/","title":{"rendered":"Herstellung von gepressten Blechteilen"},"content":{"rendered":"<p>[vc_row][vc_column width=&#8221;1\/2&#8243;][vc_column_text]Neben der Werkzeugherstellung befasste sich <b>Pannon Tools Kft.<\/b>&nbsp; von Anfang an mit Pressen. Mit dem Wachstum des Unternehmens und seines Kundenstamms und als Folge der Entwicklungen wurde die Produktion von gepressten Blechteilen bis 2005 zum Hauptgesch\u00e4ft. Heute sind wir Zulieferer vieler gro\u00dfer Unternehmen in der Automobil- und Geb\u00e4udeausr\u00fcstungsbranche.<\/p>\n<p>Unser speziell konzipiertes Presswerk, ausgestattet mit Br\u00fcckenkr\u00e4nen und speziellen Maschinenf\u00fc\u00dfen, ist geeignet f\u00fcr den Betrieb von geradseitenigen Pressen mit Hochdruck-Unterarbeitszylinder.<\/p>\n<p>Mit unseren leistungsstarken Maschinen, qualit\u00e4tsorientierten, erfahrenen Mitarbeitern, Qualit\u00e4tssicherungs- und Umweltmanagementsystemen, integriertem Unternehmens- und Produktionsmanagement k\u00f6nnen wir uns flexibel auf Kundenw\u00fcnsche und moderne Logistiksysteme einstellen.[\/vc_column_text][\/vc_column][vc_column width=&#8221;1\/2&#8243;][vc_single_image image=&#8221;4415&#8243; img_size=&#8221;full&#8221;][vc_single_image image=&#8221;4097&#8243; img_size=&#8221;full&#8221;][\/vc_column][\/vc_row][vc_row][vc_column width=&#8221;1\/2&#8243;][vc_single_image image=&#8221;4098&#8243; img_size=&#8221;full&#8221;][vc_single_image image=&#8221;4099&#8243; img_size=&#8221;full&#8221;][vc_single_image image=&#8221;4102&#8243; img_size=&#8221;full&#8221;][\/vc_column][vc_column width=&#8221;1\/2&#8243;][vc_column_text]<\/p>\n<h3>PRESSWERK<\/h3>\n<p>Mit unserem Werkzeugbau-Hintergrund hat unser Presswerk die Flexibilit\u00e4t, alle Kundenbed\u00fcrfnisse <b>von der Werkzeugkonstruktion \u00fcber den Prototypenbau bis zur Serienfertigung<\/b> abzudecken. Auf unseren Produktionslinien, in unserem 3100 m2 gro\u00dfen Presswerk, verarbeiten wir rund 5400 Tonnen Stahlblech pro Jahr. Wir verf\u00fcgen derzeit \u00fcber 30 Pressen mit einer Kapazit\u00e4t von insgesamt 16-630 Tonnen.<\/p>\n<p>&nbsp;<\/p>\n<p>Diese Pressen sind die folgenden in Bezug auf Druck und Konstruktion:<\/p>\n<p>&nbsp;<\/p>\n<p>Pressmaschinen mit gerader Seite:<\/p>\n<ul>\n<li>1 Presse mit gerader Seite, mit einer Kapazit\u00e4t von 450 Tonnen,<\/li>\n<li>1 Presse mit gerader Seite, mit einer Kapazit\u00e4t von 400 Tonnen und einem Bodenluftdispenser,<\/li>\n<li>1 Presse mit gerader Seite, mit einer Kapazit\u00e4t von 385 Tonnen und einem Bodenluftdispenser,<\/li>\n<li>3 Pressen mit gerader Seite, mit einer Kapazit\u00e4t von 315 Tonnen und zwei Bodenluftdispensern,<\/li>\n<li>3 Pressen mit gerader Seite, mit einer Kapazit\u00e4t von 250 Tonnen und vier Bodenluftdispensern,<\/li>\n<\/ul>\n<p>&nbsp;<\/p>\n<p>Hydraulikpressen:<\/p>\n<ul>\n<li>1 hydraulische Presse mit einer Druckkraft von 630 Tonnen mit Bodenklappgreifer,<\/li>\n<li>1 hydraulische Presse mit einer Druckkraft von 400 Tonnen mit Bodenklappgreifer,<\/li>\n<li>1 hydraulische Presse mit einer Druckkraft von 250 Tonnen mit Bodenklappgreifer,<\/li>\n<li>1 hydraulische Presse mit einer Druckkraft von 160 Tonnen<\/li>\n<\/ul>\n<p>&nbsp;<\/p>\n<p>Pressen mit einem C-Rahmen:<\/p>\n<ul>\n<li>3 Pressen mit einer Druckkraft von 250 Tonnen,<\/li>\n<li>4 Pressen mit einer Druckkraft von 160 Tonnen,<\/li>\n<li>3 Pressen mit einer Druckkraft von 100 Tonnen,<\/li>\n<li>2 Pressen mit einer Druckkraft 63 Tonnen, 2 von 40 Tonnen, 1 von 25 Tonnen und 1 von 16 Tonnen.<\/li>\n<\/ul>\n<p>&nbsp;<\/p>\n<p>Unser Presswerk bietet sowohl Folgeverbundwerkzeuge als auch Einzelfunktions-Kaltumformwerkzeuge. Dank unserer Pressvorrichtungen und unseres Fachpersonals ist eine effiziente und sichere Produktion m\u00f6glich. Wir verbessern und optimieren den Herstellungsprozess der Komponenten st\u00e4ndig und streben danach, <b>die modernsten Verfahren einzusetzen<\/b>.<\/p>\n<p>Unsere Produktionslinien sind in der Lage, die Fertigung von der Rohmaterialversorgung bis zur Produktverpackung zu automatisieren.[\/vc_column_text][\/vc_column][\/vc_row][vc_row][vc_column width=&#8221;1\/2&#8243;][vc_column_text]<\/p>\n<h3>Schwei\u00dfbereich<\/h3>\n<p>A gy\u00e1rt\u00f3csarnokban&nbsp;<b>hegeszt\u0151r\u00e9szleget<\/b>&nbsp;is kialak\u00edtottunk.<\/p>\n<p>In der Produktionshalle haben wir ein <strong>Schwei\u00dfbereich<\/strong> errichtet.<\/p>\n<p>Wir verwenden die folgenden Maschinen:<\/p>\n<ul>\n<li>Rehm Lichtbogenschwei\u00df-Roboterzelle mit 6-achsigem Motoman SK6-Roboterarm.<\/li>\n<li>Punkt-\/Lichtbogenschwei\u00dfmaschinen.<\/li>\n<\/ul>\n<p>Schwei\u00dfmaschinen werden verwendet, um verschiedene Teile miteinander zu verschwei\u00dfen, wie Mutter, Bolzen oder Schrauben.[\/vc_column_text][\/vc_column][vc_column width=&#8221;1\/2&#8243;][vc_single_image image=&#8221;4100&#8243; img_size=&#8221;full&#8221;][vc_single_image image=&#8221;4101&#8243; img_size=&#8221;full&#8221;][\/vc_column][\/vc_row]<\/p>\n","protected":false},"excerpt":{"rendered":"<p>[vc_row][vc_column width=&#8221;1\/2&#8243;][vc_column_text]Neben der Werkzeugherstellung befasste sich Pannon Tools Kft.&nbsp; von Anfang an mit Pressen. Mit dem Wachstum des Unternehmens und seines Kundenstamms und als Folge der Entwicklungen wurde die Produktion&#8230;<\/p>\n","protected":false},"author":1,"featured_media":0,"parent":0,"menu_order":0,"comment_status":"closed","ping_status":"closed","template":"","meta":{"ngg_post_thumbnail":0},"_links":{"self":[{"href":"https:\/\/pannontools.hu\/de\/wp-json\/wp\/v2\/pages\/4095"}],"collection":[{"href":"https:\/\/pannontools.hu\/de\/wp-json\/wp\/v2\/pages"}],"about":[{"href":"https:\/\/pannontools.hu\/de\/wp-json\/wp\/v2\/types\/page"}],"author":[{"embeddable":true,"href":"https:\/\/pannontools.hu\/de\/wp-json\/wp\/v2\/users\/1"}],"replies":[{"embeddable":true,"href":"https:\/\/pannontools.hu\/de\/wp-json\/wp\/v2\/comments?post=4095"}],"version-history":[{"count":4,"href":"https:\/\/pannontools.hu\/de\/wp-json\/wp\/v2\/pages\/4095\/revisions"}],"predecessor-version":[{"id":4487,"href":"https:\/\/pannontools.hu\/de\/wp-json\/wp\/v2\/pages\/4095\/revisions\/4487"}],"wp:attachment":[{"href":"https:\/\/pannontools.hu\/de\/wp-json\/wp\/v2\/media?parent=4095"}],"curies":[{"name":"wp","href":"https:\/\/api.w.org\/{rel}","templated":true}]}}