{"id":4083,"date":"2020-11-23T14:09:07","date_gmt":"2020-11-23T14:09:07","guid":{"rendered":"https:\/\/pannontools.hu\/de\/?page_id=4083"},"modified":"2021-05-06T23:47:14","modified_gmt":"2021-05-06T23:47:14","slug":"werkzeugherstellung","status":"publish","type":"page","link":"https:\/\/pannontools.hu\/de\/werkzeugherstellung\/","title":{"rendered":"Werkzeugherstellung"},"content":{"rendered":"<p>[vc_row][vc_column width=&#8221;1\/2&#8243;][vc_column_text]Unser Unternehmen begann seine T\u00e4tigkeit mit dem Werkzeugbau, der immer noch ein bedeutender und wichtiger Teil unseres Gesch\u00e4fts ist. Wir halten die kontinuierliche Entwicklung, die Aneignung neuer Kenntnisse und die Verwendung modernster Verfahren.<\/p>\n<p>Unsere Aktivit\u00e4ten umfassen nicht nur Planung und Produktion, sondern legen auch gro\u00dfen Wert auf die damit verbundenen Dienstleistungen. Wir bieten unseren Kunden <strong>Produktplanung und -entwicklung<\/strong> sowie Technologieberatung.[\/vc_column_text][\/vc_column][vc_column width=&#8221;1\/2&#8243;][vc_single_image image=&#8221;4090&#8243; img_size=&#8221;full&#8221;][\/vc_column][\/vc_row][vc_row][vc_column width=&#8221;1\/2&#8243;][vc_single_image image=&#8221;4091&#8243; img_size=&#8221;full&#8221;][vc_single_image image=&#8221;4092&#8243; img_size=&#8221;full&#8221;][\/vc_column][vc_column width=&#8221;1\/2&#8243;][vc_column_text]<\/p>\n<h3><b>Planung<\/b><\/h3>\n<p><strong>Die Konstruktion basiert auf Spezifikationen, Mustern und 2D-Zeichnungen oder 3D-Modellen, die uns vom Kunden zur Verf\u00fcgung gestellt werden.<\/strong> Auch die endg\u00fcltige Produktionsdokumentation wird an die spezifischen formalen, inhaltlichen und technischen Anforderungen des Kunden angepasst und sichert so eine reibungslose Produktion.<\/p>\n<p>Wir verwenden die Planungssoftwares NX und ProENGINEER, Daten k\u00f6nnen wir in den nachstehenden Formaten empfangen:<\/p>\n<ul class=\"ul\">\n<li>.dwg<\/li>\n<li>.dxf<\/li>\n<li>.igs (IGES)<\/li>\n<li>.stp (STEP)<\/li>\n<li>.x_t (PARASOLID)<\/li>\n<li>.prt (ProEngineer)<\/li>\n<\/ul>\n<p>[\/vc_column_text][\/vc_column][\/vc_row][vc_row][vc_column width=&#8221;1\/2&#8243;][vc_column_text]Unsere Werkzeuge reichen in der Gr\u00f6\u00dfe von den kleinsten bis zu ca. 1100 x 2600 mm und wiegen bis zu 5-6 Tonnen.<\/p>\n<p>Selbstverst\u00e4ndlich fertigen wir nicht nur komplette Werkzeuge, sondern auch <b>Werkzeugkomponenten<\/b>, um Modifikationen oder Umbauten an bereits gefertigten Werkzeugen kosteng\u00fcnstig durchf\u00fchren zu k\u00f6nnen.<\/p>\n<p><b>Wir stellen auch eine Vielzahl von Ger\u00e4ten her, die in vielen Bereichen der Industrie eingesetzt werden k\u00f6nnen. <\/b>&nbsp;(z.B. Vorrichtungen f\u00fcr verschiedene Bearbeitungen, Werkst\u00fcckpositionierungen, Spannvorrichtungen, Pr\u00fcfvorrichtungen, Schablonen usw.)&nbsp;<\/p>\n<p>Unsere CNC-Bearbeitungszentren, numerisch gesteuerten und konventionellen Maschinen, die mit CAD\/CAM-Systemen vernetzt werden und das Fachwissen unserer Spezialisten gew\u00e4hrleisten die Herstellung von Werkzeugen mit hoher Pr\u00e4zision und Qualit\u00e4t. Mit unseren CNC-Bearbeitungszentren, Drahterodiermaschinen und Blockerodiermaschinen lassen sich sowohl kleine als auch gro\u00dfe Werkzeugkomponenten mit hoher Pr\u00e4zision bearbeiten.<\/p>\n<p>Unsere wichtigsten Bearbeitungsmaschinen sind die folgeden:<\/p>\n<ul>\n<li>DMG MORI DMF 260\/11 5-Achsen-Fahrst\u00e4nder CNC-Bearbeitungszentrum<\/li>\n<li>DMG MORI DMC 1150V vertikales CNC-Bearbeitungszentrum<\/li>\n<li>Tajmac ZPS-MCFV2080 CNC Bearbeitungszentrum<\/li>\n<li>HURCO BMC 64 CNC Bearbeitungszentrum<\/li>\n<li>HURCO VMX 24 CNC&nbsp; Bearbeitungszentrum<\/li>\n<li>DeckelMaho DMC 103V CNC-Bearbeitungszentrum<\/li>\n<li>FANUC Robocut 1-iD Drahterodiermaschine<\/li>\n<li>FANUC Robocut 1-iA Drahterodiermaschine<\/li>\n<li>FANUC W2 Drahterodiermaschine<\/li>\n<li>KTC EZEN PLUS Startbohrung Funkenerodiermaschine<\/li>\n<li>AgieCharmilles FORM 30 HMI Block-Funkenerodiermaschine<\/li>\n<li>LEVEL D1150 ZNC Block-Funkenerodiermaschine<\/li>\n<\/ul>\n<p>Wir arbeiten mit qualit\u00e4tsgepr\u00fcften, zertifizierten Rohstoffen von namhaften, zuverl\u00e4ssigen Lieferanten.<\/p>\n<p>Je nach Struktur werden Standard- und Normalelemente in die Werkzeuge eingebaut,<\/p>\n<p>Je nach Ausf\u00fchrung wird die W\u00e4rmebehandlung der erforderlichen Werkzeugkomponenten von unseren zuverl\u00e4ssigen Partnern durchgef\u00fchrt und ein W\u00e4rmebehandlungszertifikat ausgestellt.<\/p>\n<p>Bei der \u00dcbergabe der fertiggestellten Werkzeuge werden die Werkzeugpr\u00fcfungen immer in Anwesenheit des Kundenvertreters durchgef\u00fchrt, die hergestellten Muster und die notwendigen Messprotokolle werden von uns \u00fcbergeben.<\/p>\n<p>Selbstverst\u00e4ndlich geben wir auf alle unsere Werkzeuge, Ger\u00e4te und Teile <b>eine Garantie<\/b>. Die Garantiebedingungen werden noch vor der Entwurfsphase mit dem Kunden vereinbart, so dass die Wahl der Materialien und der Konstruktion an eventuelle besondere Anforderungen angepasst werden kann.[\/vc_column_text][\/vc_column][vc_column width=&#8221;1\/2&#8243;][vc_single_image image=&#8221;4084&#8243; img_size=&#8221;full&#8221;][vc_single_image image=&#8221;4085&#8243; img_size=&#8221;full&#8221;][vc_single_image image=&#8221;4086&#8243; img_size=&#8221;full&#8221;][vc_single_image image=&#8221;4087&#8243; img_size=&#8221;full&#8221;][\/vc_column][\/vc_row][vc_row][vc_column width=&#8221;1\/2&#8243;][vc_single_image image=&#8221;4088&#8243; img_size=&#8221;full&#8221;][vc_single_image image=&#8221;4089&#8243; img_size=&#8221;full&#8221;][\/vc_column][vc_column width=&#8221;1\/2&#8243;][vc_column_text]<\/p>\n<h3>Wartung und Reparatur<\/h3>\n<p>Bei Bedarf k\u00f6nnen wir auch vorhandene Werkzeuge <strong>aufarbeiten<\/strong> und <strong>Ersatzteile herstellen<\/strong>.<\/p>\n<p>Wir \u00fcbernehmen gelegentliche und laufende Reparaturen und Wartungen an verschiedenen Produktionswerkzeugen, denen immer eine Zustandsaufnahme und ein detailliertes Angebot vorausgeht. Unsere Experten f\u00fchren Wartungen und Reparaturen an Fremdwerkzeugen mit der gleichen Kompetenz und Zuverl\u00e4ssigkeit durch wie an unseren eigenen Werkzeugen.[\/vc_column_text][\/vc_column][\/vc_row]<\/p>\n","protected":false},"excerpt":{"rendered":"<p>[vc_row][vc_column width=&#8221;1\/2&#8243;][vc_column_text]Unser Unternehmen begann seine T\u00e4tigkeit mit dem Werkzeugbau, der immer noch ein bedeutender und wichtiger Teil unseres Gesch\u00e4fts ist. Wir halten die kontinuierliche Entwicklung, die Aneignung neuer Kenntnisse und&#8230;<\/p>\n","protected":false},"author":1,"featured_media":0,"parent":0,"menu_order":0,"comment_status":"closed","ping_status":"closed","template":"","meta":{"ngg_post_thumbnail":0},"_links":{"self":[{"href":"https:\/\/pannontools.hu\/de\/wp-json\/wp\/v2\/pages\/4083"}],"collection":[{"href":"https:\/\/pannontools.hu\/de\/wp-json\/wp\/v2\/pages"}],"about":[{"href":"https:\/\/pannontools.hu\/de\/wp-json\/wp\/v2\/types\/page"}],"author":[{"embeddable":true,"href":"https:\/\/pannontools.hu\/de\/wp-json\/wp\/v2\/users\/1"}],"replies":[{"embeddable":true,"href":"https:\/\/pannontools.hu\/de\/wp-json\/wp\/v2\/comments?post=4083"}],"version-history":[{"count":5,"href":"https:\/\/pannontools.hu\/de\/wp-json\/wp\/v2\/pages\/4083\/revisions"}],"predecessor-version":[{"id":4485,"href":"https:\/\/pannontools.hu\/de\/wp-json\/wp\/v2\/pages\/4083\/revisions\/4485"}],"wp:attachment":[{"href":"https:\/\/pannontools.hu\/de\/wp-json\/wp\/v2\/media?parent=4083"}],"curies":[{"name":"wp","href":"https:\/\/api.w.org\/{rel}","templated":true}]}}